{"id":46,"date":"2023-09-29T08:12:02","date_gmt":"2023-09-29T08:12:02","guid":{"rendered":"https:\/\/demo.bravisthemes.com\/gotranscom\/?page_id=46"},"modified":"2025-09-10T04:44:55","modified_gmt":"2025-09-10T04:44:55","slug":"hizmetler","status":"publish","type":"page","link":"https:\/\/istanbulinternethizmetleri.com\/vinc\/hizmetler\/","title":{"rendered":"Hizmetler"},"content":{"rendered":"\t\t<div data-elementor-type=\"wp-page\" data-elementor-id=\"46\" class=\"elementor elementor-46\" data-elementor-post-type=\"page\">\n\t\t\t\t        <section class=\"elementor-section elementor-top-section elementor-element elementor-element-cd8009a elementor-section-stretched elementor-section-boxed elementor-section-height-default elementor-section-height-default pxl-row-scroll-none pxl-section-overflow-visible pxl-bg-color-none pxl-section-overlay-none\" data-id=\"cd8009a\" data-element_type=\"section\" data-settings=\"{&quot;stretch_section&quot;:&quot;section-stretched&quot;}\">\n\n                \n                <div class=\"elementor-container elementor-column-gap-extended \">\n                <div class=\"elementor-column elementor-col-100 elementor-top-column elementor-element elementor-element-6d112a1 pxl-column-none pxl-column-overflow-hidden-no\" data-id=\"6d112a1\" data-element_type=\"column\">\r\n        <div class=\"elementor-widget-wrap elementor-element-populated\">\r\n                     \r\n        \t\t<div class=\"elementor-element elementor-element-86c3e5d pxl-post-layout-service-1 elementor-widget elementor-widget-pxl_post_grid\" data-id=\"86c3e5d\" data-element_type=\"widget\" data-widget_type=\"pxl_post_grid.default\">\n\t\t\t\t<div class=\"elementor-widget-container\">\n\t\t\t\t\t\n<div id=\"pxl_post_grid-86c3e5d-9337\" class=\"pxl-grid pxl-service-grid pxl-service-grid-layout1 pxl-service-style1 style-1\" data-layout=\"masonry\" data-start-page=\"1\" data-max-pages=\"1\" data-total=\"6\" data-perpage=\"6\" data-next-link=\"\">\n    \n    <div class=\"pxl-grid-inner pxl-grid-masonry row\" data-gutter=\"15\">\n        <div class=\"grid-sizer col-xl-4 col-lg-4 col-md-6 col-sm-12 col-12\"><\/div>\n                    <div class=\"pxl-grid-item col-xl-4 col-lg-4 col-md-6 col-sm-12 col-12 logistics rail road sea vinc\">\n                <div class=\"pxl-item--inner \" data-wow-duration=\"1.2s\">\n                                        <div class=\"pxl-item--featured\">\n                        <a href=\"https:\/\/istanbulinternethizmetleri.com\/vinc\/hizmetlerimiz\/sepetli-platform\/\">\n                            <img fetchpriority=\"high\" decoding=\"async\" class=\"\" src=\"https:\/\/istanbulinternethizmetleri.com\/vinc\/wp-content\/uploads\/2025\/09\/Sepetli-Platform-410x276.webp\" width=\"410\" height=\"276\" alt=\"Sepetli Platform\" title=\"Sepetli Platform\" \/>                        <\/a>\n                    <\/div>\n                                <div class=\"wrap-inner\">\n                                                                <div class=\"pxl-icon\">\n                            <img decoding=\"async\" width=\"800\" height=\"800\" src=\"https:\/\/istanbulinternethizmetleri.com\/vinc\/wp-content\/uploads\/2025\/09\/crane-truck-left-2-svgrepo-com.svg\" class=\"attachment-full\" alt=\"\" \/>                        <\/div>\n                                        <h5 class=\"pxl-item--title\">\n                        <a href=\"https:\/\/istanbulinternethizmetleri.com\/vinc\/hizmetlerimiz\/sepetli-platform\/\">Sepetli Platform<\/a>\n                    <\/h5>\n                    <div class=\"item--content\">\n                        Sepetli platformlar, y\u00fcksek ve ula\u015f\u0131lmas\u0131 zor alanlarda g\u00fcvenli \u00e7al\u0131\u015fma imk\u00e2n\u0131&hellip;                    <\/div>\n                    <div class=\"pxl-item--readmore\">\n                        <a class=\"btn-readmore\" href=\"https:\/\/istanbulinternethizmetleri.com\/vinc\/hizmetlerimiz\/sepetli-platform\/\">\n                            <span>\n                                Devam\u0131                            <\/span>\n                        <\/a>\n                    <\/div>\n                <\/div>\n            <\/div>\n        <\/div>\n                    <div class=\"pxl-grid-item col-xl-4 col-lg-4 col-md-6 col-sm-12 col-12 logistics rail road sea vinc\">\n                <div class=\"pxl-item--inner \" data-wow-duration=\"1.2s\">\n                                        <div class=\"pxl-item--featured\">\n                        <a href=\"https:\/\/istanbulinternethizmetleri.com\/vinc\/hizmetlerimiz\/makasli-platform\/\">\n                            <img decoding=\"async\" class=\"\" src=\"https:\/\/istanbulinternethizmetleri.com\/vinc\/wp-content\/uploads\/2025\/09\/Makasli-Platform-410x276.webp\" width=\"410\" height=\"276\" alt=\"Makasl\u0131 Platform\" title=\"Makasl\u0131 Platform\" \/>                        <\/a>\n                    <\/div>\n                                <div class=\"wrap-inner\">\n                                                                <div class=\"pxl-icon\">\n                            <img loading=\"lazy\" decoding=\"async\" width=\"800\" height=\"800\" src=\"https:\/\/istanbulinternethizmetleri.com\/vinc\/wp-content\/uploads\/2025\/09\/crane-truck-left-svgrepo-com.svg\" class=\"attachment-full\" alt=\"\" \/>                        <\/div>\n                                        <h5 class=\"pxl-item--title\">\n                        <a href=\"https:\/\/istanbulinternethizmetleri.com\/vinc\/hizmetlerimiz\/makasli-platform\/\">Makasl\u0131 Platform<\/a>\n                    <\/h5>\n                    <div class=\"item--content\">\n                        Makasl\u0131 platformlar, d\u00fcz zemin y\u00fckselme sa\u011flayarak g\u00fcvenli \u00e7\u00f6z\u00fcm sunar.                    <\/div>\n                    <div class=\"pxl-item--readmore\">\n                        <a class=\"btn-readmore\" href=\"https:\/\/istanbulinternethizmetleri.com\/vinc\/hizmetlerimiz\/makasli-platform\/\">\n                            <span>\n                                Devam\u0131                            <\/span>\n                        <\/a>\n                    <\/div>\n                <\/div>\n            <\/div>\n        <\/div>\n                    <div class=\"pxl-grid-item col-xl-4 col-lg-4 col-md-6 col-sm-12 col-12 logistics rail road sea vinc\">\n                <div class=\"pxl-item--inner \" data-wow-duration=\"1.2s\">\n                                        <div class=\"pxl-item--featured\">\n                        <a href=\"https:\/\/istanbulinternethizmetleri.com\/vinc\/hizmetlerimiz\/sepetli-vinc\/\">\n                            <img loading=\"lazy\" decoding=\"async\" class=\"\" src=\"https:\/\/istanbulinternethizmetleri.com\/vinc\/wp-content\/uploads\/2025\/09\/Sepetli-Vinc-410x276.webp\" width=\"410\" height=\"276\" alt=\"Sepetli Vin\u00e7\" title=\"Sepetli Vin\u00e7\" \/>                        <\/a>\n                    <\/div>\n                                <div class=\"wrap-inner\">\n                                                                <div class=\"pxl-icon\">\n                            <img loading=\"lazy\" decoding=\"async\" width=\"800\" height=\"800\" src=\"https:\/\/istanbulinternethizmetleri.com\/vinc\/wp-content\/uploads\/2025\/09\/crane-truck-svgrepo-com.svg\" class=\"attachment-full\" alt=\"\" \/>                        <\/div>\n                                        <h5 class=\"pxl-item--title\">\n                        <a href=\"https:\/\/istanbulinternethizmetleri.com\/vinc\/hizmetlerimiz\/sepetli-vinc\/\">Sepetli Vin\u00e7<\/a>\n                    <\/h5>\n                    <div class=\"item--content\">\n                        Y\u00fcksek noktalarda g\u00fcvenli ve pratik \u00e7al\u0131\u015fma imk\u00e2n\u0131 sunan sepetli vin\u00e7ler,&hellip;                    <\/div>\n                    <div class=\"pxl-item--readmore\">\n                        <a class=\"btn-readmore\" href=\"https:\/\/istanbulinternethizmetleri.com\/vinc\/hizmetlerimiz\/sepetli-vinc\/\">\n                            <span>\n                                Devam\u0131                            <\/span>\n                        <\/a>\n                    <\/div>\n                <\/div>\n            <\/div>\n        <\/div>\n                    <div class=\"pxl-grid-item col-xl-4 col-lg-4 col-md-6 col-sm-12 col-12 logistics rail road sea vinc\">\n                <div class=\"pxl-item--inner \" data-wow-duration=\"1.2s\">\n                                        <div class=\"pxl-item--featured\">\n                        <a href=\"https:\/\/istanbulinternethizmetleri.com\/vinc\/hizmetlerimiz\/vinc-kiralama\/\">\n                            <img loading=\"lazy\" decoding=\"async\" class=\"\" src=\"https:\/\/istanbulinternethizmetleri.com\/vinc\/wp-content\/uploads\/2025\/09\/Vinc-Kiralama-410x276.webp\" width=\"410\" height=\"276\" alt=\"Vin\u00e7-Kiralama\" title=\"Vin\u00e7-Kiralama\" \/>                        <\/a>\n                    <\/div>\n                                <div class=\"wrap-inner\">\n                                                                <div class=\"pxl-icon\">\n                            <img loading=\"lazy\" decoding=\"async\" width=\"800\" height=\"800\" src=\"https:\/\/istanbulinternethizmetleri.com\/vinc\/wp-content\/uploads\/2025\/09\/crane-truck-left-2-svgrepo-com-1.svg\" class=\"attachment-full\" alt=\"\" \/>                        <\/div>\n                                        <h5 class=\"pxl-item--title\">\n                        <a href=\"https:\/\/istanbulinternethizmetleri.com\/vinc\/hizmetlerimiz\/vinc-kiralama\/\">Vin\u00e7 Kiralama<\/a>\n                    <\/h5>\n                    <div class=\"item--content\">\n                        Vin\u00e7 kiralama hizmetimizle, farkl\u0131 tonaj ve kapasitelere sahip modern vin\u00e7&hellip;                    <\/div>\n                    <div class=\"pxl-item--readmore\">\n                        <a class=\"btn-readmore\" href=\"https:\/\/istanbulinternethizmetleri.com\/vinc\/hizmetlerimiz\/vinc-kiralama\/\">\n                            <span>\n                                Devam\u0131                            <\/span>\n                        <\/a>\n                    <\/div>\n                <\/div>\n            <\/div>\n        <\/div>\n                    <div class=\"pxl-grid-item col-xl-4 col-lg-4 col-md-6 col-sm-12 col-12 logistics rail road sea vinc\">\n                <div class=\"pxl-item--inner \" data-wow-duration=\"1.2s\">\n                                        <div class=\"pxl-item--featured\">\n                        <a href=\"https:\/\/istanbulinternethizmetleri.com\/vinc\/hizmetlerimiz\/vinc-hizmetleri\/\">\n                            <img loading=\"lazy\" decoding=\"async\" class=\"\" src=\"https:\/\/istanbulinternethizmetleri.com\/vinc\/wp-content\/uploads\/2025\/09\/vinc-hizmetleri.fw_-410x276.webp\" width=\"410\" height=\"276\" alt=\"vinc-hizmetleri.fw\" title=\"vinc-hizmetleri.fw\" \/>                        <\/a>\n                    <\/div>\n                                <div class=\"wrap-inner\">\n                                                                <div class=\"pxl-icon\">\n                            <img loading=\"lazy\" decoding=\"async\" width=\"800\" height=\"800\" src=\"https:\/\/istanbulinternethizmetleri.com\/vinc\/wp-content\/uploads\/2025\/09\/crane-truck-svgrepo-com.svg\" class=\"attachment-full\" alt=\"\" \/>                        <\/div>\n                                        <h5 class=\"pxl-item--title\">\n                        <a href=\"https:\/\/istanbulinternethizmetleri.com\/vinc\/hizmetlerimiz\/vinc-hizmetleri\/\">Vin\u00e7 Hizmetleri<\/a>\n                    <\/h5>\n                    <div class=\"item--content\">\n                        A\u011f\u0131r y\u00fck ta\u015f\u0131ma, kald\u0131rma i\u015flemlerinde vin\u00e7 hizmetlerimizle yan\u0131n\u0131zday\u0131z.                    <\/div>\n                    <div class=\"pxl-item--readmore\">\n                        <a class=\"btn-readmore\" href=\"https:\/\/istanbulinternethizmetleri.com\/vinc\/hizmetlerimiz\/vinc-hizmetleri\/\">\n                            <span>\n                                Devam\u0131                            <\/span>\n                        <\/a>\n                    <\/div>\n                <\/div>\n            <\/div>\n        <\/div>\n                    <div class=\"pxl-grid-item col-xl-4 col-lg-4 col-md-6 col-sm-12 col-12 logistics rail road sea vinc\">\n                <div class=\"pxl-item--inner \" data-wow-duration=\"1.2s\">\n                                        <div class=\"pxl-item--featured\">\n                        <a href=\"https:\/\/istanbulinternethizmetleri.com\/vinc\/hizmetlerimiz\/kiralik-vinc\/\">\n                            <img loading=\"lazy\" decoding=\"async\" class=\"\" src=\"https:\/\/istanbulinternethizmetleri.com\/vinc\/wp-content\/uploads\/2025\/09\/Kiralik-Vinc-410x276.webp\" width=\"410\" height=\"276\" alt=\"Kiral\u0131k-Vin\u00e7\" title=\"Kiral\u0131k-Vin\u00e7\" \/>                        <\/a>\n                    <\/div>\n                                <div class=\"wrap-inner\">\n                                                                <div class=\"pxl-icon\">\n                            <img loading=\"lazy\" decoding=\"async\" width=\"800\" height=\"800\" src=\"https:\/\/istanbulinternethizmetleri.com\/vinc\/wp-content\/uploads\/2025\/09\/crane-truck-left-svgrepo-com.svg\" class=\"attachment-full\" alt=\"\" \/>                        <\/div>\n                                        <h5 class=\"pxl-item--title\">\n                        <a href=\"https:\/\/istanbulinternethizmetleri.com\/vinc\/hizmetlerimiz\/kiralik-vinc\/\">Kiral\u0131k Vin\u00e7<\/a>\n                    <\/h5>\n                    <div class=\"item--content\">\n                        Farkl\u0131 tonaj ve \u00f6zelliklere sahip vin\u00e7 se\u00e7eneklerimizle, ihtiyac\u0131n\u0131za en uygun&hellip;                    <\/div>\n                    <div class=\"pxl-item--readmore\">\n                        <a class=\"btn-readmore\" href=\"https:\/\/istanbulinternethizmetleri.com\/vinc\/hizmetlerimiz\/kiralik-vinc\/\">\n                            <span>\n                                Devam\u0131                            <\/span>\n                        <\/a>\n                    <\/div>\n                <\/div>\n            <\/div>\n        <\/div>\n            <\/div>\n            <div class=\"pxl-grid-pagination\" data-loadmore=\"{&quot;post_type&quot;:&quot;service&quot;,&quot;layout&quot;:&quot;service-1&quot;,&quot;startPage&quot;:1,&quot;maxPages&quot;:1,&quot;total&quot;:6,&quot;perpage&quot;:6,&quot;nextLink&quot;:&quot;&quot;,&quot;source&quot;:[&quot;rail|service-category&quot;,&quot;road|service-category&quot;],&quot;orderby&quot;:&quot;date&quot;,&quot;order&quot;:&quot;desc&quot;,&quot;limit&quot;:6,&quot;post_ids&quot;:[],&quot;col_xl&quot;:4,&quot;col_lg&quot;:4,&quot;col_md&quot;:6,&quot;col_sm&quot;:12,&quot;col_xs&quot;:12,&quot;pagination_type&quot;:&quot;pagination&quot;,&quot;show_excerpt&quot;:&quot;true&quot;,&quot;num_words&quot;:25,&quot;show_button&quot;:&quot;true&quot;,&quot;button_text&quot;:&quot;Devam\\u0131&quot;,&quot;img_size&quot;:&quot;410x276&quot;,&quot;grid_masonry&quot;:&quot;&quot;,&quot;pxl_animate&quot;:&quot;&quot;,&quot;html_id&quot;:&quot;pxl_post_grid-86c3e5d-9337&quot;,&quot;tax&quot;:[&quot;service-category&quot;]}\" data-query=\"{&quot;post_type&quot;:&quot;service&quot;,&quot;post_status&quot;:&quot;publish&quot;,&quot;posts_per_page&quot;:6,&quot;order&quot;:&quot;desc&quot;,&quot;orderby&quot;:&quot;date&quot;,&quot;tax_query&quot;:{&quot;relation&quot;:&quot;OR&quot;,&quot;0&quot;:{&quot;taxonomy&quot;:&quot;service-category&quot;,&quot;field&quot;:&quot;slug&quot;,&quot;operator&quot;:&quot;IN&quot;,&quot;terms&quot;:[&quot;rail&quot;]},&quot;1&quot;:{&quot;taxonomy&quot;:&quot;service-category&quot;,&quot;field&quot;:&quot;slug&quot;,&quot;operator&quot;:&quot;IN&quot;,&quot;terms&quot;:[&quot;road&quot;]}},&quot;post__not_in&quot;:[46]}\">\n                    <\/div>\n        <\/div>\t\t\t\t<\/div>\n\t\t\t\t<\/div>\n\t\t            <\/div>\r\n        <\/div>\r\n        \t\t\t<\/div>\n\t\t<\/section>\n\t\t\t\t<\/div>\n\t\t","protected":false},"excerpt":{"rendered":"<p>Sepetli Platform Sepetli platformlar, y\u00fcksek ve ula\u015f\u0131lmas\u0131 zor alanlarda g\u00fcvenli \u00e7al\u0131\u015fma imk\u00e2n\u0131&hellip; Devam\u0131 Makasl\u0131 Platform Makasl\u0131 platformlar, d\u00fcz zemin y\u00fckselme sa\u011flayarak g\u00fcvenli \u00e7\u00f6z\u00fcm sunar. Devam\u0131 Sepetli Vin\u00e7 Y\u00fcksek noktalarda g\u00fcvenli ve pratik \u00e7al\u0131\u015fma imk\u00e2n\u0131 sunan sepetli vin\u00e7ler,&hellip; Devam\u0131 Vin\u00e7 Kiralama Vin\u00e7 kiralama hizmetimizle, farkl\u0131 tonaj ve kapasitelere sahip modern vin\u00e7&hellip; Devam\u0131 Vin\u00e7 Hizmetleri A\u011f\u0131r y\u00fck [&hellip;]<\/p>\n","protected":false},"author":1,"featured_media":0,"parent":0,"menu_order":0,"comment_status":"closed","ping_status":"closed","template":"","meta":{"footnotes":""},"class_list":["post-46","page","type-page","status-publish","hentry"],"_links":{"self":[{"href":"https:\/\/istanbulinternethizmetleri.com\/vinc\/wp-json\/wp\/v2\/pages\/46","targetHints":{"allow":["GET"]}}],"collection":[{"href":"https:\/\/istanbulinternethizmetleri.com\/vinc\/wp-json\/wp\/v2\/pages"}],"about":[{"href":"https:\/\/istanbulinternethizmetleri.com\/vinc\/wp-json\/wp\/v2\/types\/page"}],"author":[{"embeddable":true,"href":"https:\/\/istanbulinternethizmetleri.com\/vinc\/wp-json\/wp\/v2\/users\/1"}],"replies":[{"embeddable":true,"href":"https:\/\/istanbulinternethizmetleri.com\/vinc\/wp-json\/wp\/v2\/comments?post=46"}],"version-history":[{"count":5,"href":"https:\/\/istanbulinternethizmetleri.com\/vinc\/wp-json\/wp\/v2\/pages\/46\/revisions"}],"predecessor-version":[{"id":10501,"href":"https:\/\/istanbulinternethizmetleri.com\/vinc\/wp-json\/wp\/v2\/pages\/46\/revisions\/10501"}],"wp:attachment":[{"href":"https:\/\/istanbulinternethizmetleri.com\/vinc\/wp-json\/wp\/v2\/media?parent=46"}],"curies":[{"name":"wp","href":"https:\/\/api.w.org\/{rel}","templated":true}]}}