{"id":42,"date":"2023-09-29T08:11:01","date_gmt":"2023-09-29T08:11:01","guid":{"rendered":"https:\/\/demo.bravisthemes.com\/gotranscom\/?page_id=42"},"modified":"2025-09-22T10:49:26","modified_gmt":"2025-09-22T10:49:26","slug":"blog","status":"publish","type":"page","link":"https:\/\/istanbulinternethizmetleri.com\/vinc\/blog\/","title":{"rendered":"Blog"},"content":{"rendered":"\t\t<div data-elementor-type=\"wp-page\" data-elementor-id=\"42\" class=\"elementor elementor-42\" data-elementor-post-type=\"page\">\n\t\t\t\t        <section class=\"elementor-section elementor-top-section elementor-element elementor-element-d88ccb6 elementor-section-stretched elementor-section-boxed elementor-section-height-default elementor-section-height-default pxl-row-scroll-none pxl-section-overflow-visible pxl-bg-color-none pxl-section-overlay-none\" data-id=\"d88ccb6\" data-element_type=\"section\" data-settings=\"{&quot;stretch_section&quot;:&quot;section-stretched&quot;}\">\n\n                \n                <div class=\"elementor-container elementor-column-gap-extended \">\n                <div class=\"elementor-column elementor-col-100 elementor-top-column elementor-element elementor-element-b22225a pxl-column-none pxl-column-overflow-hidden-no\" data-id=\"b22225a\" data-element_type=\"column\">\r\n        <div class=\"elementor-widget-wrap elementor-element-populated\">\r\n                     \r\n        \t\t<div class=\"elementor-element elementor-element-1ae553a pxl-post-layout-post-1 elementor-widget elementor-widget-pxl_post_grid\" data-id=\"1ae553a\" data-element_type=\"widget\" data-widget_type=\"pxl_post_grid.default\">\n\t\t\t\t<div class=\"elementor-widget-container\">\n\t\t\t\t\t\n<div id=\"pxl_post_grid-1ae553a-4452\" class=\"pxl-grid pxl-blog-grid pxl-blog-grid-layout1 pxl-blog-style1\" data-layout=\"masonry\" data-start-page=\"1\" data-max-pages=\"1\" data-total=\"6\" data-perpage=\"6\" data-next-link=\"\">\n    \n    <div class=\"pxl-grid-inner pxl-grid-masonry row\" data-gutter=\"15\">\n        <div class=\"grid-sizer col-xl-4 col-lg-4 col-md-6 col-sm-6 col-12\"><\/div>\n        \n            <div class=\"pxl-grid-item col-xl-4 col-lg-4 col-md-6 col-sm-6 col-12 vinc-hizmetleri\">\n                <div class=\"pxl-item--inner \" data-wow-duration=\"1.2s\">\n                                        <div class=\"pxl-item--featured\">\n                        <a href=\"https:\/\/istanbulinternethizmetleri.com\/vinc\/proje-bazli-vinc-kiralama-ile-operasyonel-verimlilik-nasil-artar\/\"><img fetchpriority=\"high\" decoding=\"async\" class=\"no-lazyload \" src=\"https:\/\/istanbulinternethizmetleri.com\/vinc\/wp-content\/uploads\/2025\/09\/Proje-Bazli-Vinc-Kiralama-410x282.webp\" width=\"410\" height=\"282\" alt=\"Proje Bazl\u0131 Vin\u00e7 Kiralama\" title=\"Proje Bazl\u0131 Vin\u00e7 Kiralama\" \/><\/a>\n                    <\/div>\n                 \n                <div class=\"pxl-item--meta\">\n                    <span class=\"pxl-item--date\">Eyl\u00fcl,10 2025<\/span>\n                    <div class=\"pxl-item--author\">\n                                                <div class=\"info-author\">\n                            <div class=\"name\"><a href=\"https:\/\/istanbulinternethizmetleri.com\/vinc\/author\/info_ki7573v9\/\" title=\"admin taraf\u0131ndan yaz\u0131lan yaz\u0131lar\" rel=\"author\">admin<\/a><\/div>\n                                                    <\/div>\n                    <\/div>\n                <\/div>\n                <div class=\"pxl-item--holder\">\n                    <h5 class=\"pxl-item--title\"><a href=\"https:\/\/istanbulinternethizmetleri.com\/vinc\/proje-bazli-vinc-kiralama-ile-operasyonel-verimlilik-nasil-artar\/\">Proje Bazl\u0131 Vin\u00e7 Kiralama ile Verimlilik Nas\u0131l Artar?<\/a><\/h5>\n                    <div class=\"item--content\">\n                                            <\/div>\n                    <div class=\"pxl-item--readmore\">\n                        <a class=\"btn-readmore\" href=\"https:\/\/istanbulinternethizmetleri.com\/vinc\/proje-bazli-vinc-kiralama-ile-operasyonel-verimlilik-nasil-artar\/\">\n                            <span>\n                                Devam\u0131                            <\/span>\n                            <i class=\"flaticon flaticon-arrow-2\"><\/i>\n                        <\/a>\n                    <\/div>\n                <\/div>\n            <\/div>\n        <\/div>\n        \n            <div class=\"pxl-grid-item col-xl-4 col-lg-4 col-md-6 col-sm-6 col-12 vinc-hizmetleri\">\n                <div class=\"pxl-item--inner \" data-wow-duration=\"1.2s\">\n                                        <div class=\"pxl-item--featured\">\n                        <a href=\"https:\/\/istanbulinternethizmetleri.com\/vinc\/vinc-kiralama-fiyatlari-neye-gore-degisir\/\"><img decoding=\"async\" class=\"no-lazyload \" src=\"https:\/\/istanbulinternethizmetleri.com\/vinc\/wp-content\/uploads\/2025\/09\/Vinc-Kiralama-Fiyatlari-Neye-Gore-410x282.webp\" width=\"410\" height=\"282\" alt=\"Vin\u00e7 Kiralama Fiyatlar\u0131 Neye G\u00f6re\" title=\"Vin\u00e7 Kiralama Fiyatlar\u0131 Neye G\u00f6re\" \/><\/a>\n                    <\/div>\n                 \n                <div class=\"pxl-item--meta\">\n                    <span class=\"pxl-item--date\">Eyl\u00fcl,10 2025<\/span>\n                    <div class=\"pxl-item--author\">\n                                                <div class=\"info-author\">\n                            <div class=\"name\"><a href=\"https:\/\/istanbulinternethizmetleri.com\/vinc\/author\/info_ki7573v9\/\" title=\"admin taraf\u0131ndan yaz\u0131lan yaz\u0131lar\" rel=\"author\">admin<\/a><\/div>\n                                                    <\/div>\n                    <\/div>\n                <\/div>\n                <div class=\"pxl-item--holder\">\n                    <h5 class=\"pxl-item--title\"><a href=\"https:\/\/istanbulinternethizmetleri.com\/vinc\/vinc-kiralama-fiyatlari-neye-gore-degisir\/\">Vin\u00e7 Kiralama Fiyatlar\u0131 Neye G\u00f6re De\u011fi\u015fir?<\/a><\/h5>\n                    <div class=\"item--content\">\n                                            <\/div>\n                    <div class=\"pxl-item--readmore\">\n                        <a class=\"btn-readmore\" href=\"https:\/\/istanbulinternethizmetleri.com\/vinc\/vinc-kiralama-fiyatlari-neye-gore-degisir\/\">\n                            <span>\n                                Devam\u0131                            <\/span>\n                            <i class=\"flaticon flaticon-arrow-2\"><\/i>\n                        <\/a>\n                    <\/div>\n                <\/div>\n            <\/div>\n        <\/div>\n        \n            <div class=\"pxl-grid-item col-xl-4 col-lg-4 col-md-6 col-sm-6 col-12 vinc-hizmetleri\">\n                <div class=\"pxl-item--inner \" data-wow-duration=\"1.2s\">\n                                        <div class=\"pxl-item--featured\">\n                        <a href=\"https:\/\/istanbulinternethizmetleri.com\/vinc\/gunluk-haftalik-aylik-vinc-kiralamanin-avantajlari-nelerdir\/\"><img decoding=\"async\" class=\"no-lazyload \" src=\"https:\/\/istanbulinternethizmetleri.com\/vinc\/wp-content\/uploads\/2025\/09\/gunluk-aylik-yillik-vinc-410x282.webp\" width=\"410\" height=\"282\" alt=\"gunluk-aylik-yillik-vin\u00e7\" title=\"gunluk-aylik-yillik-vin\u00e7\" \/><\/a>\n                    <\/div>\n                 \n                <div class=\"pxl-item--meta\">\n                    <span class=\"pxl-item--date\">Eyl\u00fcl,10 2025<\/span>\n                    <div class=\"pxl-item--author\">\n                                                <div class=\"info-author\">\n                            <div class=\"name\"><a href=\"https:\/\/istanbulinternethizmetleri.com\/vinc\/author\/info_ki7573v9\/\" title=\"admin taraf\u0131ndan yaz\u0131lan yaz\u0131lar\" rel=\"author\">admin<\/a><\/div>\n                                                    <\/div>\n                    <\/div>\n                <\/div>\n                <div class=\"pxl-item--holder\">\n                    <h5 class=\"pxl-item--title\"><a href=\"https:\/\/istanbulinternethizmetleri.com\/vinc\/gunluk-haftalik-aylik-vinc-kiralamanin-avantajlari-nelerdir\/\">G\u00fcnl\u00fck, Haftal\u0131k, Ayl\u0131k Vin\u00e7 Kiralaman\u0131n Avantajlar\u0131<\/a><\/h5>\n                    <div class=\"item--content\">\n                                            <\/div>\n                    <div class=\"pxl-item--readmore\">\n                        <a class=\"btn-readmore\" href=\"https:\/\/istanbulinternethizmetleri.com\/vinc\/gunluk-haftalik-aylik-vinc-kiralamanin-avantajlari-nelerdir\/\">\n                            <span>\n                                Devam\u0131                            <\/span>\n                            <i class=\"flaticon flaticon-arrow-2\"><\/i>\n                        <\/a>\n                    <\/div>\n                <\/div>\n            <\/div>\n        <\/div>\n        \n            <div class=\"pxl-grid-item col-xl-4 col-lg-4 col-md-6 col-sm-6 col-12 vinc-hizmetleri\">\n                <div class=\"pxl-item--inner \" data-wow-duration=\"1.2s\">\n                                        <div class=\"pxl-item--featured\">\n                        <a href=\"https:\/\/istanbulinternethizmetleri.com\/vinc\/santiye-ve-insaat-projelerinde-hangi-vinc-tipi-kullanilir\/\"><img loading=\"lazy\" decoding=\"async\" class=\"no-lazyload \" src=\"https:\/\/istanbulinternethizmetleri.com\/vinc\/wp-content\/uploads\/2025\/09\/Santiye-ve-Insaat-Projelerinde.fw_-410x282.webp\" width=\"410\" height=\"282\" alt=\"Santiye-ve-Insaat-Projelerinde.fw\" title=\"Santiye-ve-Insaat-Projelerinde.fw\" \/><\/a>\n                    <\/div>\n                 \n                <div class=\"pxl-item--meta\">\n                    <span class=\"pxl-item--date\">Eyl\u00fcl,10 2025<\/span>\n                    <div class=\"pxl-item--author\">\n                                                <div class=\"info-author\">\n                            <div class=\"name\"><a href=\"https:\/\/istanbulinternethizmetleri.com\/vinc\/author\/info_ki7573v9\/\" title=\"admin taraf\u0131ndan yaz\u0131lan yaz\u0131lar\" rel=\"author\">admin<\/a><\/div>\n                                                    <\/div>\n                    <\/div>\n                <\/div>\n                <div class=\"pxl-item--holder\">\n                    <h5 class=\"pxl-item--title\"><a href=\"https:\/\/istanbulinternethizmetleri.com\/vinc\/santiye-ve-insaat-projelerinde-hangi-vinc-tipi-kullanilir\/\">\u015eantiye ve \u0130n\u015faat Projelerinde Hangi Vin\u00e7 Tipi Kullan\u0131l\u0131r?<\/a><\/h5>\n                    <div class=\"item--content\">\n                                            <\/div>\n                    <div class=\"pxl-item--readmore\">\n                        <a class=\"btn-readmore\" href=\"https:\/\/istanbulinternethizmetleri.com\/vinc\/santiye-ve-insaat-projelerinde-hangi-vinc-tipi-kullanilir\/\">\n                            <span>\n                                Devam\u0131                            <\/span>\n                            <i class=\"flaticon flaticon-arrow-2\"><\/i>\n                        <\/a>\n                    <\/div>\n                <\/div>\n            <\/div>\n        <\/div>\n        \n            <div class=\"pxl-grid-item col-xl-4 col-lg-4 col-md-6 col-sm-6 col-12 vinc-hizmetleri\">\n                <div class=\"pxl-item--inner \" data-wow-duration=\"1.2s\">\n                                        <div class=\"pxl-item--featured\">\n                        <a href=\"https:\/\/istanbulinternethizmetleri.com\/vinc\/sepetli-vinc-ile-yuksekte-guvenli-calismanin-puf-noktalari\/\"><img loading=\"lazy\" decoding=\"async\" class=\"no-lazyload \" src=\"https:\/\/istanbulinternethizmetleri.com\/vinc\/wp-content\/uploads\/2025\/09\/sepetli-vinc-blog.fw_-410x282.webp\" width=\"410\" height=\"282\" alt=\"sepetli-vinc-blog.fw\" title=\"sepetli-vinc-blog.fw\" \/><\/a>\n                    <\/div>\n                 \n                <div class=\"pxl-item--meta\">\n                    <span class=\"pxl-item--date\">Eyl\u00fcl,10 2025<\/span>\n                    <div class=\"pxl-item--author\">\n                                                <div class=\"info-author\">\n                            <div class=\"name\"><a href=\"https:\/\/istanbulinternethizmetleri.com\/vinc\/author\/info_ki7573v9\/\" title=\"admin taraf\u0131ndan yaz\u0131lan yaz\u0131lar\" rel=\"author\">admin<\/a><\/div>\n                                                    <\/div>\n                    <\/div>\n                <\/div>\n                <div class=\"pxl-item--holder\">\n                    <h5 class=\"pxl-item--title\"><a href=\"https:\/\/istanbulinternethizmetleri.com\/vinc\/sepetli-vinc-ile-yuksekte-guvenli-calismanin-puf-noktalari\/\">Sepetli Vin\u00e7le Y\u00fcksekte G\u00fcvenli \u00c7al\u0131\u015fma P\u00fcf Noktas\u0131<\/a><\/h5>\n                    <div class=\"item--content\">\n                                            <\/div>\n                    <div class=\"pxl-item--readmore\">\n                        <a class=\"btn-readmore\" href=\"https:\/\/istanbulinternethizmetleri.com\/vinc\/sepetli-vinc-ile-yuksekte-guvenli-calismanin-puf-noktalari\/\">\n                            <span>\n                                Devam\u0131                            <\/span>\n                            <i class=\"flaticon flaticon-arrow-2\"><\/i>\n                        <\/a>\n                    <\/div>\n                <\/div>\n            <\/div>\n        <\/div>\n        \n            <div class=\"pxl-grid-item col-xl-4 col-lg-4 col-md-6 col-sm-6 col-12 vinc-hizmetleri\">\n                <div class=\"pxl-item--inner \" data-wow-duration=\"1.2s\">\n                                        <div class=\"pxl-item--featured\">\n                        <a href=\"https:\/\/istanbulinternethizmetleri.com\/vinc\/vinc-kiralama-nedir\/\"><img loading=\"lazy\" decoding=\"async\" class=\"no-lazyload \" src=\"https:\/\/istanbulinternethizmetleri.com\/vinc\/wp-content\/uploads\/2025\/09\/vinc-kiralama-nedir-410x282.webp\" width=\"410\" height=\"282\" alt=\"vin\u00e7 kiralama nedir\" title=\"vin\u00e7 kiralama nedir\" \/><\/a>\n                    <\/div>\n                 \n                <div class=\"pxl-item--meta\">\n                    <span class=\"pxl-item--date\">Eyl\u00fcl,10 2025<\/span>\n                    <div class=\"pxl-item--author\">\n                                                <div class=\"info-author\">\n                            <div class=\"name\"><a href=\"https:\/\/istanbulinternethizmetleri.com\/vinc\/author\/info_ki7573v9\/\" title=\"admin taraf\u0131ndan yaz\u0131lan yaz\u0131lar\" rel=\"author\">admin<\/a><\/div>\n                                                    <\/div>\n                    <\/div>\n                <\/div>\n                <div class=\"pxl-item--holder\">\n                    <h5 class=\"pxl-item--title\"><a href=\"https:\/\/istanbulinternethizmetleri.com\/vinc\/vinc-kiralama-nedir\/\">Vin\u00e7 Kiralama Nedir? Hangi Durumlarda Tercih Edilmelidir?<\/a><\/h5>\n                    <div class=\"item--content\">\n                                            <\/div>\n                    <div class=\"pxl-item--readmore\">\n                        <a class=\"btn-readmore\" href=\"https:\/\/istanbulinternethizmetleri.com\/vinc\/vinc-kiralama-nedir\/\">\n                            <span>\n                                Devam\u0131                            <\/span>\n                            <i class=\"flaticon flaticon-arrow-2\"><\/i>\n                        <\/a>\n                    <\/div>\n                <\/div>\n            <\/div>\n        <\/div>\n            <\/div>\n            <div class=\"pxl-grid-pagination\" data-loadmore=\"{&quot;tax&quot;:[&quot;category&quot;],&quot;num_words&quot;:25,&quot;post_type&quot;:&quot;post&quot;,&quot;layout&quot;:&quot;post-1&quot;,&quot;startPage&quot;:1,&quot;maxPages&quot;:1,&quot;total&quot;:6,&quot;perpage&quot;:&quot;6&quot;,&quot;nextLink&quot;:&quot;&quot;,&quot;source&quot;:&quot;&quot;,&quot;orderby&quot;:&quot;date&quot;,&quot;order&quot;:&quot;desc&quot;,&quot;limit&quot;:&quot;6&quot;,&quot;post_ids&quot;:[],&quot;col_xl&quot;:4,&quot;col_lg&quot;:4,&quot;col_md&quot;:6,&quot;col_sm&quot;:6,&quot;col_xs&quot;:12,&quot;pagination_type&quot;:&quot;pagination&quot;,&quot;show_author&quot;:&quot;true&quot;,&quot;show_date&quot;:&quot;true&quot;,&quot;show_button&quot;:&quot;true&quot;,&quot;button_text&quot;:&quot;Devam\\u0131&quot;,&quot;img_size&quot;:&quot;&quot;,&quot;grid_masonry&quot;:&quot;&quot;,&quot;pxl_animate&quot;:&quot;&quot;}\" data-query=\"{&quot;post_type&quot;:&quot;post&quot;,&quot;post_status&quot;:&quot;publish&quot;,&quot;posts_per_page&quot;:6,&quot;order&quot;:&quot;desc&quot;,&quot;orderby&quot;:&quot;date&quot;,&quot;tax_query&quot;:{&quot;relation&quot;:&quot;OR&quot;},&quot;post__not_in&quot;:[42]}\">\n                    <\/div>\n        <\/div>\t\t\t\t<\/div>\n\t\t\t\t<\/div>\n\t\t            <\/div>\r\n        <\/div>\r\n        \t\t\t<\/div>\n\t\t<\/section>\n\t\t\t\t<\/div>\n\t\t","protected":false},"excerpt":{"rendered":"<p>Eyl\u00fcl,10 2025 admin Proje Bazl\u0131 Vin\u00e7 Kiralama ile Verimlilik Nas\u0131l Artar? Devam\u0131 Eyl\u00fcl,10 2025 admin Vin\u00e7 Kiralama Fiyatlar\u0131 Neye G\u00f6re De\u011fi\u015fir? Devam\u0131 Eyl\u00fcl,10 2025 admin G\u00fcnl\u00fck, Haftal\u0131k, Ayl\u0131k Vin\u00e7 Kiralaman\u0131n Avantajlar\u0131 Devam\u0131 Eyl\u00fcl,10 2025 admin \u015eantiye ve \u0130n\u015faat Projelerinde Hangi Vin\u00e7 Tipi Kullan\u0131l\u0131r? Devam\u0131 Eyl\u00fcl,10 2025 admin Sepetli Vin\u00e7le Y\u00fcksekte G\u00fcvenli \u00c7al\u0131\u015fma P\u00fcf Noktas\u0131 Devam\u0131 [&hellip;]<\/p>\n","protected":false},"author":1,"featured_media":0,"parent":0,"menu_order":0,"comment_status":"closed","ping_status":"closed","template":"","meta":{"footnotes":""},"class_list":["post-42","page","type-page","status-publish","hentry"],"_links":{"self":[{"href":"https:\/\/istanbulinternethizmetleri.com\/vinc\/wp-json\/wp\/v2\/pages\/42","targetHints":{"allow":["GET"]}}],"collection":[{"href":"https:\/\/istanbulinternethizmetleri.com\/vinc\/wp-json\/wp\/v2\/pages"}],"about":[{"href":"https:\/\/istanbulinternethizmetleri.com\/vinc\/wp-json\/wp\/v2\/types\/page"}],"author":[{"embeddable":true,"href":"https:\/\/istanbulinternethizmetleri.com\/vinc\/wp-json\/wp\/v2\/users\/1"}],"replies":[{"embeddable":true,"href":"https:\/\/istanbulinternethizmetleri.com\/vinc\/wp-json\/wp\/v2\/comments?post=42"}],"version-history":[{"count":4,"href":"https:\/\/istanbulinternethizmetleri.com\/vinc\/wp-json\/wp\/v2\/pages\/42\/revisions"}],"predecessor-version":[{"id":10633,"href":"https:\/\/istanbulinternethizmetleri.com\/vinc\/wp-json\/wp\/v2\/pages\/42\/revisions\/10633"}],"wp:attachment":[{"href":"https:\/\/istanbulinternethizmetleri.com\/vinc\/wp-json\/wp\/v2\/media?parent=42"}],"curies":[{"name":"wp","href":"https:\/\/api.w.org\/{rel}","templated":true}]}}